{"id":2591,"date":"2015-02-02T04:29:48","date_gmt":"2015-02-02T04:29:48","guid":{"rendered":"http:\/\/rttheme19.rtthemes.com\/?page_id=4"},"modified":"2025-06-07T17:44:35","modified_gmt":"2025-06-07T17:44:35","slug":"home-page","status":"publish","type":"page","link":"http:\/\/www.villanino.com\/?lang=cz","title":{"rendered":"Dom\u016f"},"content":{"rendered":"<p>[vc_row rt_row_background_width=&#8221;default&#8221; rt_row_style=&#8221;default-style&#8221; rt_row_borders=&#8221;&#8221; rt_row_paddings=&#8221;false&#8221; rt_bg_effect=&#8221;classic&#8221; rt_bg_image_repeat=&#8221;repeat&#8221; rt_bg_size=&#8221;cover&#8221; rt_bg_position=&#8221;right top&#8221; rt_bg_attachment=&#8221;scroll&#8221; rt_bg_video_format=&#8221;self-hosted&#8221;][vc_column rt_bg_image_repeat=&#8221;repeat&#8221; rt_bg_size=&#8221;auto auto&#8221; rt_bg_attachment=&#8221;scroll&#8221;]<div id=\"content-slider-359937\" class=\"rt-carousel main-carousel carousel-holder clearfix\" data-item-width=\"1\" data-nav=\"true\" data-dots=\"true\" data-parallax=\"true\" data-timeout=\"6000\" data-autoplay=\"true\">\n<div class=\"owl-carousel\">\n\n\t\t<div class=\"item  alt-style-1\" style=\"background-image: url(http:\/\/www.villanino.com\/wp-content\/uploads\/2016\/02\/onama-19.jpg);background-repeat: no-repeat;background-size: cover;background-position: right top;min-height: 600px;\">\n\t\t\t\n\t\t\t<div class=\"slide-content-wrapper default clearfix\">\n\t\t\t\t<div class=\"slide-content animation  right\" style=\"width: 50%;background-color: #6e98bf;margin-top: 5px;\">\t\t\t\t\t\n\t\t\t\t\t<h1><span style=\"color: #ffffff;\">Dobrodo\u0161li&nbsp;<\/span><\/h1>\n\n\t\t\t\t<\/div>\n\t\t\t<\/div>\n\t\t<\/div>\n\t\t<div class=\"item  alt-style-1\" style=\"background-image: url(http:\/\/www.villanino.com\/wp-content\/uploads\/2016\/02\/onama-16.jpg);background-repeat: no-repeat;background-size: cover;background-position: right top;min-height: 600px;\">\n\t\t\t\n\t\t\t<div class=\"slide-content-wrapper default clearfix\">\n\t\t\t\t<div class=\"slide-content animation  right\" style=\"width: 50%;background-color: #6e98bf;margin-top: 5px;\">\t\t\t\t\t\n\t\t\t\t\t<h1><span style=\"color: #ffffff;\">Welcome<\/span><\/h1>\n\n\t\t\t\t<\/div>\n\t\t\t<\/div>\n\t\t<\/div>\n\t\t<div class=\"item  alt-style-1\" style=\"background-image: url(http:\/\/www.villanino.com\/wp-content\/uploads\/2016\/02\/onama-03.jpg);background-repeat: no-repeat;background-size: cover;background-position: right top;min-height: 600px;\">\n\t\t\t\n\t\t\t<div class=\"slide-content-wrapper default clearfix\">\n\t\t\t\t<div class=\"slide-content animation  right\" style=\"width: 50%;background-color: #6e98bf;margin-top: 5px;\">\t\t\t\t\t\n\t\t\t\t\t<h1><span style=\"color: #ffffff;\">Willkommen<\/span><\/h1>\n\n\t\t\t\t<\/div>\n\t\t\t<\/div>\n\t\t<\/div>\n\t\t<div class=\"item  alt-style-1\" style=\"background-image: url(http:\/\/www.villanino.com\/wp-content\/uploads\/2016\/02\/onama-18.jpg);background-repeat: no-repeat;background-size: cover;background-position: right top;min-height: 600px;\">\n\t\t\t\n\t\t\t<div class=\"slide-content-wrapper default clearfix\">\n\t\t\t\t<div class=\"slide-content animation  right\" style=\"width: 50%;background-color: #6e98bf;margin-top: 5px;\">\t\t\t\t\t\n\t\t\t\t\t<h1><span style=\"color: #ffffff;\">V\u00edtejte<\/span><\/h1>\n\n\t\t\t\t<\/div>\n\t\t\t<\/div>\n\t\t<\/div><\/div>\n<\/div>\n[vc_row_inner rt_row_style=&#8221;global-style&#8221;][vc_column_inner rt_bg_image_repeat=&#8221;repeat&#8221; rt_bg_size=&#8221;auto auto&#8221; rt_bg_attachment=&#8221;scroll&#8221;]\n\t\t\t\t<div  class=\"banner withbutton clearfix\" data-rt-animate=\"animate\" data-rt-animation-type=\"fadeIn\" data-rt-animation-group=\"single\" >\n\t\t\t\t\t<div class=\"featured_text\">\n\t\t\t\t\t\t<h4>Rezervujte si ubytov\u00e1n\u00ed<\/h4>\n\n\t\t\t\t\t<\/div>\n\t\t\t\t\t<div class=\"button_holder\"><div>\n\t\t\t<div class=\"button_wrapper align\"><a  href=\"http:\/\/www.villanino.com\/index.php\/contact-us\/\" target=\"_self\" title=\"Rezervace\" class=\"button_  color big\"><span class=\"icon-thumbs-up-1\"><\/span>Rezervace<\/a><\/div>\n\t\t<\/div><\/div>\t\t\t\t\n\t\t\t\t<\/div>\n\t\t\t\r\n<h2 style=\"text-align: center;\"><span style=\"color: #800000;\"><strong>Dovolena, Villa Nino za 2025. jiz prijima rezervace<\/strong><\/span><\/h2>\r\n<p>[\/vc_column_inner][\/vc_row_inner][\/vc_column][\/vc_row][vc_row rt_row_background_width=&#8221;default&#8221; rt_row_style=&#8221;default-style&#8221; rt_row_borders=&#8221;&#8221; rt_row_paddings=&#8221;true&#8221; rt_bg_effect=&#8221;parallax&#8221; rt_bg_parallax_effect=&#8221;1&#8243; rt_bg_image_repeat=&#8221;repeat&#8221; rt_bg_size=&#8221;auto auto&#8221; rt_bg_position=&#8221;right top&#8221; rt_bg_video_format=&#8221;self-hosted&#8221; rt_row_width=&#8221;default&#8221; rt_row_placement=&#8221;true&#8221;][vc_column width=&#8221;1\/3&#8243; rt_color_set=&#8221;alt-style-1&#8243; rt_bg_image_repeat=&#8221;repeat&#8221; rt_bg_size=&#8221;auto auto&#8221; rt_bg_attachment=&#8221;scroll&#8221;]<article  class=\"image-content-box content-box box-style-1 center\"><div class=\"featured_image_holder\"><a href=\"http:\/\/www.villanino.com\/index.php\/o-nama\/\" title=\"\" target=\"_self\"><img class=\"img-responsive\" src=\"http:\/\/www.villanino.com\/wp-content\/uploads\/2016\/02\/onama-16.jpg\" alt=\"\" \/><\/a><\/div><div class=\"text-holder\">\n\t<h3 class=\"heading\" >\n\t\t<a href=\"http:\/\/www.villanino.com\/index.php\/o-nama\/\" title=\"O nam\u00ed\" target=\"_self\" >\n\t\t\tO nam\u00ed\n\t\t<\/a>\n\t<\/h3> <p>Zjist\u011bte, kdo jsme a co nab\u00edz\u00edme<\/p>\n<\/div><\/article>[\/vc_column][vc_column width=&#8221;1\/3&#8243; rt_bg_image_repeat=&#8221;repeat&#8221; rt_bg_size=&#8221;auto auto&#8221; rt_bg_attachment=&#8221;scroll&#8221;]<article  class=\"image-content-box content-box box-style-1 center\"><div class=\"featured_image_holder\"><a href=\"http:\/\/www.villanino.com\/index.php\/smjestaj\/\" title=\"\" target=\"_self\"><img class=\"img-responsive\" src=\"http:\/\/www.villanino.com\/wp-content\/uploads\/2016\/07\/IMGP9787.jpg\" alt=\"\" \/><\/a><\/div><div class=\"text-holder\">\n\t<h3 class=\"heading\" >\n\t\t<a href=\"http:\/\/www.villanino.com\/index.php\/smjestaj\/\" title=\"Ubytov\u00e1n\u00ed\" target=\"_self\" >\n\t\t\tUbytov\u00e1n\u00ed\n\t\t<\/a>\n\t<\/h3> <p>V\u0161e o na\u0161ich ubytovac\u00edch<\/p>\n<\/div><\/article>[\/vc_column][vc_column width=&#8221;1\/3&#8243; rt_bg_image_repeat=&#8221;repeat&#8221; rt_bg_size=&#8221;auto auto&#8221; rt_bg_attachment=&#8221;scroll&#8221;]<article  class=\"image-content-box content-box box-style-1 center\"><div class=\"featured_image_holder\"><a href=\"http:\/\/www.villanino.com\/index.php\/selca\/\" title=\"\" target=\"_self\"><img class=\"img-responsive\" src=\"http:\/\/www.villanino.com\/wp-content\/uploads\/2016\/10\/naslov2selca.jpg\" alt=\"\" \/><\/a><\/div><div class=\"text-holder\">\n\t<h3 class=\"heading\" >\n\t\t<a href=\"http:\/\/www.villanino.com\/index.php\/selca\/\" title=\"Selca\" target=\"_self\" >\n\t\t\tSelca\n\t\t<\/a>\n\t<\/h3> <p>Na\u0161e mal\u00e1 obec na p\u0159ekr\u00e1sn\u00e9m ostrov\u011b Bra\u010d<\/p>\n<\/div><\/article>[\/vc_column][\/vc_row][vc_row rt_row_background_width=&#8221;default&#8221; rt_row_style=&#8221;default-style&#8221; rt_row_borders=&#8221;&#8221; rt_row_paddings=&#8221;true&#8221; rt_bg_effect=&#8221;classic&#8221; rt_bg_image_repeat=&#8221;repeat&#8221; rt_bg_size=&#8221;cover&#8221; rt_bg_position=&#8221;right top&#8221; rt_bg_attachment=&#8221;scroll&#8221; rt_bg_video_format=&#8221;self-hosted&#8221;][vc_column rt_bg_image_repeat=&#8221;repeat&#8221; rt_bg_size=&#8221;auto auto&#8221; rt_bg_attachment=&#8221;scroll&#8221;][\/vc_column][\/vc_row][vc_row rt_row_background_width=&#8221;default&#8221; rt_row_style=&#8221;default-style&#8221; rt_row_borders=&#8221;&#8221; rt_row_paddings=&#8221;true&#8221; rt_bg_effect=&#8221;classic&#8221; rt_bg_image_repeat=&#8221;repeat&#8221; rt_bg_size=&#8221;cover&#8221; rt_bg_position=&#8221;right top&#8221; rt_bg_attachment=&#8221;scroll&#8221; rt_bg_video_format=&#8221;self-hosted&#8221;][vc_column rt_bg_image_repeat=&#8221;repeat&#8221; rt_bg_size=&#8221;auto auto&#8221; rt_bg_attachment=&#8221;scroll&#8221;][\/vc_column][\/vc_row]<\/p>\r\n\r\n<figure><iframe loading=\"lazy\" src=\"https:\/\/www.youtube.com\/embed\/PPtX6fHhqIo?&amp;autoplay=1\" width=\"980\" height=\"600\" frameborder=\"0\" allowfullscreen=\"allowfullscreen\"><\/iframe><\/figure>\r\n\r\n<p>&nbsp;<\/p>\r\n\r\n<p style=\"text-align: center;\">&nbsp;<\/p>","protected":false},"excerpt":{"rendered":"<p>[vc_row rt_row_background_width=&#8221;default&#8221; rt_row_style=&#8221;default-style&#8221; rt_row_borders=&#8221;&#8221; rt_row_paddings=&#8221;false&#8221; rt_bg_effect=&#8221;classic&#8221; rt_bg_image_repeat=&#8221;repeat&#8221; rt_bg_size=&#8221;cover&#8221; rt_bg_position=&#8221;right top&#8221; rt_bg_attachment=&#8221;scroll&#8221; rt_bg_video_format=&#8221;self-hosted&#8221;][vc_column rt_bg_image_repeat=&#8221;repeat&#8221; rt_bg_size=&#8221;auto auto&#8221; rt_bg_attachment=&#8221;scroll&#8221;][vc_row_inner rt_row_style=&#8221;global-style&#8221;][vc_column_inner rt_bg_image_repeat=&#8221;repeat&#8221; rt_bg_size=&#8221;auto auto&#8221; rt_bg_attachment=&#8221;scroll&#8221;] Dovolena, Villa Nino za 2025. jiz prijima rezervace [\/vc_column_inner][\/vc_row_inner][\/vc_column][\/vc_row][vc_row rt_row_background_width=&#8221;default&#8221; rt_row_style=&#8221;default-style&#8221; rt_row_borders=&#8221;&#8221; rt_row_paddings=&#8221;true&#8221; rt_bg_effect=&#8221;parallax&#8221; rt_bg_parallax_effect=&#8221;1&#8243; rt_bg_image_repeat=&#8221;repeat&#8221; rt_bg_size=&#8221;auto auto&#8221; rt_bg_position=&#8221;right top&#8221; rt_bg_video_format=&#8221;self-hosted&#8221; rt_row_width=&#8221;default&#8221; rt_row_placement=&#8221;true&#8221;][vc_column width=&#8221;1\/3&#8243; rt_color_set=&#8221;alt-style-1&#8243; rt_bg_image_repeat=&#8221;repeat&#8221; rt_bg_size=&#8221;auto auto&#8221; rt_bg_attachment=&#8221;scroll&#8221;][\/vc_column][vc_column width=&#8221;1\/3&#8243; rt_bg_image_repeat=&#8221;repeat&#8221; rt_bg_size=&#8221;auto auto&#8221; rt_bg_attachment=&#8221;scroll&#8221;][\/vc_column][vc_column [&hellip;]<\/p>\n","protected":false},"author":1,"featured_media":0,"parent":0,"menu_order":0,"comment_status":"open","ping_status":"open","template":"","meta":{"ngg_post_thumbnail":0},"aioseo_notices":[],"_links":{"self":[{"href":"http:\/\/www.villanino.com\/index.php\/wp-json\/wp\/v2\/pages\/2591"}],"collection":[{"href":"http:\/\/www.villanino.com\/index.php\/wp-json\/wp\/v2\/pages"}],"about":[{"href":"http:\/\/www.villanino.com\/index.php\/wp-json\/wp\/v2\/types\/page"}],"author":[{"embeddable":true,"href":"http:\/\/www.villanino.com\/index.php\/wp-json\/wp\/v2\/users\/1"}],"replies":[{"embeddable":true,"href":"http:\/\/www.villanino.com\/index.php\/wp-json\/wp\/v2\/comments?post=2591"}],"version-history":[{"count":146,"href":"http:\/\/www.villanino.com\/index.php\/wp-json\/wp\/v2\/pages\/2591\/revisions"}],"predecessor-version":[{"id":3577,"href":"http:\/\/www.villanino.com\/index.php\/wp-json\/wp\/v2\/pages\/2591\/revisions\/3577"}],"wp:attachment":[{"href":"http:\/\/www.villanino.com\/index.php\/wp-json\/wp\/v2\/media?parent=2591"}],"curies":[{"name":"wp","href":"https:\/\/api.w.org\/{rel}","templated":true}]}}